{"id":133,"date":"2018-10-21T17:32:47","date_gmt":"2018-10-21T17:32:47","guid":{"rendered":"http:\/\/www.gibostad.no\/julemarked-test\/?page_id=24"},"modified":"2019-11-21T20:48:43","modified_gmt":"2019-11-21T20:48:43","slug":"hjem-2","status":"publish","type":"page","link":"https:\/\/www.gibostad.no\/julemarked\/","title":{"rendered":""},"content":{"rendered":"<h1><span style=\"color: #ff0000;\"><strong>Velkommen til \"JuleMarked i Gamle Gibostad\"<\/strong><\/span><\/h1>\n<p><img loading=\"lazy\" decoding=\"async\" class=\"size-medium wp-image-169 alignleft\" src=\"http:\/\/media2.gibostad.no\/2018\/10\/03.png\" alt=\"\" width=\"120\" height=\"208\" \/><span style=\"font-size: 1rem;\">Det er n\u00e5 klart for det Femte JuleMarked i Gamle Gibostad!<\/span><\/p>\n<p>L\u00f8rdag 7. desember fra kl. 11 til kl 16 skaper vi den magiske f\u00f8rjulsstemningen for store og sm\u00e5.<br \/>Vi h\u00e5per du vil v\u00e6re med p\u00e5 det, og \u00f8nsker velkommen.<\/p>\n<p>JuleMarked i Gamle Gibostad er et familiearrangement i to deler:<br \/>Den ene delen er et tradisjonelt og gammeldags julemarked hvor det er mulig \u00e5 gj\u00f8re de gode handelene, og finne julegaver du ikke finner andre plasser. Samt \u00e5 h\u00f8re p\u00e5 sang og musikk som skaper den gode f\u00f8rjulsstemninga. Og ikke minst: spise den gode maten som vekker nostalgien i oss.<\/p>\n<p>Den andre delen er rettet inn mot barn og unge, med aktiviteter og artigheter. B\u00e5de ute i markedsomr\u00e5det, og inne\u00a0 et julehus med tegninger, maling, ansiktssminke, nissestund og fortellerstund. Og med julegodterier, pepperkaker og slikt.<\/p>\n<p>Snyfjellnissen har en tendens til \u00e5 dukke opp i egen figur under JuleMarkedet. Han har f\u00e5tt sin egen \"hybel\" i ei av bryggene, og der holder han til i f\u00f8rjulstida.<\/p>\n<p>Julegata lyser opp sammen med den store Julegrana midt i markedsomr\u00e5det, vinduene er pyntet, Snyfjellnisse-huset er klart, postkassen for \u00f8nskelister er p\u00e5 plass,\u00a0 og pepperkakene er snart i boks!<\/p>\n<p><img loading=\"lazy\" decoding=\"async\" class=\" wp-image-168 alignright\" src=\"http:\/\/media2.gibostad.no\/2018\/10\/02.png\" alt=\"\" width=\"135\" height=\"177\" \/>S\u00e5 da inviterer vi alle til Julemarked i Gamle Gibostad, og vi garanterer god,\u00a0 gammeldags f\u00f8rjulsstemning for store og sm\u00e5.<\/p>\n<p><img loading=\"lazy\" decoding=\"async\" class=\" wp-image-220 alignleft\" src=\"http:\/\/media2.gibostad.no\/2018\/10\/nisse-234x300.png\" alt=\"\" width=\"157\" height=\"201\" srcset=\"http:\/\/media2.gibostad.no\/2018\/10\/nisse-234x300.png 234w, http:\/\/media2.gibostad.no\/2018\/10\/nisse.png 519w\" sizes=\"auto, (max-width: 157px) 100vw, 157px\" \/><\/p>\n<p>\u00a0<\/p>\n<p>\u00a0<\/p>\n<p><em>JuleMarked i Gamle Gibostad er et arrangement uten \u00f8konomisk motiv, men det m\u00e5 og skal v\u00e6re selvb\u00e6rende. Alle som jobber med arrangementet gj\u00f8r det i frivilligheten. For \u00e5 dekke kosnader med husleie, annonsering og innkj\u00f8p av utstyr blir det innkrevd inngang 50 kr for voksne til hele JuleMarkedet.<\/em><br \/>(Kontant eller VIPPS ved inngangen)<\/p>\n\n\n<p><\/p>\n","protected":false},"excerpt":{"rendered":"<p>Velkommen til \"JuleMarked i Gamle Gibostad\" Det er n\u00e5 klart for det Femte JuleMarked i Gamle Gibostad! L\u00f8rdag 7. desember fra kl. 11 til kl 16 skaper vi den magiske f\u00f8rjulsstemningen for store og sm\u00e5.Vi h\u00e5per du vil v\u00e6re med p\u00e5 det, og \u00f8nsker velkommen. JuleMarked i Gamle Gibostad er et familiearrangement i to deler:Den <a href=\"https:\/\/www.gibostad.no\/julemarked\/\" class=\"more-link\">\u2026 fortsett \u00e5 lese<span class=\"screen-reader-text\"> \u00ab\u00bb<\/span><\/a><\/p>\n","protected":false},"author":1,"featured_media":0,"parent":0,"menu_order":0,"comment_status":"closed","ping_status":"closed","template":"","meta":{"footnotes":""},"class_list":["post-133","page","type-page","status-publish","h-entry","hentry","h-as-page"],"_links":{"self":[{"href":"https:\/\/www.gibostad.no\/julemarked\/wp-json\/wp\/v2\/pages\/133","targetHints":{"allow":["GET"]}}],"collection":[{"href":"https:\/\/www.gibostad.no\/julemarked\/wp-json\/wp\/v2\/pages"}],"about":[{"href":"https:\/\/www.gibostad.no\/julemarked\/wp-json\/wp\/v2\/types\/page"}],"author":[{"embeddable":true,"href":"https:\/\/www.gibostad.no\/julemarked\/wp-json\/wp\/v2\/users\/1"}],"replies":[{"embeddable":true,"href":"https:\/\/www.gibostad.no\/julemarked\/wp-json\/wp\/v2\/comments?post=133"}],"version-history":[{"count":26,"href":"https:\/\/www.gibostad.no\/julemarked\/wp-json\/wp\/v2\/pages\/133\/revisions"}],"predecessor-version":[{"id":279,"href":"https:\/\/www.gibostad.no\/julemarked\/wp-json\/wp\/v2\/pages\/133\/revisions\/279"}],"wp:attachment":[{"href":"https:\/\/www.gibostad.no\/julemarked\/wp-json\/wp\/v2\/media?parent=133"}],"curies":[{"name":"wp","href":"https:\/\/api.w.org\/{rel}","templated":true}]}}