{"id":25,"date":"2018-10-04T09:31:57","date_gmt":"2018-10-04T09:31:57","guid":{"rendered":"http:\/\/www.gibostad.no\/julemarked\/?page_id=25"},"modified":"2019-10-21T16:25:32","modified_gmt":"2019-10-21T16:25:32","slug":"om-oss","status":"publish","type":"page","link":"https:\/\/www.gibostad.no\/julemarked\/om-oss\/","title":{"rendered":"Om oss"},"content":{"rendered":"<p><em>\"Julemarked i Gamle Gibostad\" startet i 2015 og er et tiltak i Gibostad Grendeutvalg. Her \u00f8nsker vi \u00e5 skape liv og r\u00f8re i m\u00f8rketida.\u00a0 Vi \u00f8nsker \u00e5 bidra til \u00e5 komme i god f\u00f8rjuls stemning ispedd litt nostalgi, og \"gamle dager\".<\/em><\/p>\n<p><strong>Kontaktinformasjon:<\/strong><br \/>Gibostad Grendeutvalg<br \/>Bygdekontoret i Gamle Gibostad<br \/>Sjyveien 6<br \/>9372 Gibostad<br \/>E-post: <a href=\"mailto:grendeutvalget@gibostad.no\">grendeutvalget@gibostad.no<\/a><\/p>\n<p><strong>P\u00e5melding\/utstilleransvarlig:<\/strong><br \/>Elaine: 48 29 51 93<br \/>E-post: <a href=\"mailto:elaine@elaine.no\">elaine@elaine.no<\/a><\/p>\n\n\n<p><\/p>\n","protected":false},"excerpt":{"rendered":"<p>\"Julemarked i Gamle Gibostad\" startet i 2015 og er et tiltak i Gibostad Grendeutvalg. Her \u00f8nsker vi \u00e5 skape liv og r\u00f8re i m\u00f8rketida.\u00a0 Vi \u00f8nsker \u00e5 bidra til \u00e5 komme i god f\u00f8rjuls stemning ispedd litt nostalgi, og \"gamle dager\". Kontaktinformasjon:Gibostad GrendeutvalgBygdekontoret i Gamle GibostadSjyveien 69372 GibostadE-post: grendeutvalget@gibostad.no P\u00e5melding\/utstilleransvarlig:Elaine: 48 29 51 93E-post: elaine@elaine.no<\/p>\n","protected":false},"author":1,"featured_media":0,"parent":0,"menu_order":0,"comment_status":"closed","ping_status":"closed","template":"","meta":{"footnotes":""},"class_list":["post-25","page","type-page","status-publish","h-entry","hentry","h-as-page"],"_links":{"self":[{"href":"https:\/\/www.gibostad.no\/julemarked\/wp-json\/wp\/v2\/pages\/25","targetHints":{"allow":["GET"]}}],"collection":[{"href":"https:\/\/www.gibostad.no\/julemarked\/wp-json\/wp\/v2\/pages"}],"about":[{"href":"https:\/\/www.gibostad.no\/julemarked\/wp-json\/wp\/v2\/types\/page"}],"author":[{"embeddable":true,"href":"https:\/\/www.gibostad.no\/julemarked\/wp-json\/wp\/v2\/users\/1"}],"replies":[{"embeddable":true,"href":"https:\/\/www.gibostad.no\/julemarked\/wp-json\/wp\/v2\/comments?post=25"}],"version-history":[{"count":15,"href":"https:\/\/www.gibostad.no\/julemarked\/wp-json\/wp\/v2\/pages\/25\/revisions"}],"predecessor-version":[{"id":274,"href":"https:\/\/www.gibostad.no\/julemarked\/wp-json\/wp\/v2\/pages\/25\/revisions\/274"}],"wp:attachment":[{"href":"https:\/\/www.gibostad.no\/julemarked\/wp-json\/wp\/v2\/media?parent=25"}],"curies":[{"name":"wp","href":"https:\/\/api.w.org\/{rel}","templated":true}]}}